{"id":368,"date":"2018-12-23T17:10:12","date_gmt":"2018-12-23T17:10:12","guid":{"rendered":"http:\/\/firstlinedocumentary.de\/?page_id=368"},"modified":"2018-12-23T19:10:12","modified_gmt":"2018-12-23T19:10:12","slug":"datenschutzerklaerung","status":"publish","type":"page","link":"http:\/\/firstlinedocumentary.de\/?page_id=368","title":{"rendered":"Datenschutzerkl\u00e4rung"},"content":{"rendered":"\n<p><br><strong>Datensicherheit<\/strong><\/p>\n\n\n\n<p>Die Sicherheit der Daten\u00fcbertragung bei der Online-Anmeldung wird mit einer SSL-Verschl\u00fcsselung hergestellt. Es wird das Secure-Socket-Layer Protokoll (Spezifikation f\u00fcr eine sichere Internetkommunikation) f\u00fcr die \u00dcbertragung Ihrer Antragsdaten verwendet. Hierdurch wird die Daten\u00fcbertragung vor Kenntnisnahme durch Unbefugte gesch\u00fctzt.<\/p>\n\n\n\n<p><strong>Datenerhebung, Speicherung und Speicherzweck<\/strong><\/p>\n\n\n\n<p>Die im Rahmen der Online-Anmeldung erhobenen und verarbeiteten personenbezogenen Daten werden durch das First Line Team ausschlie\u00dflich zu Zwecken der Anmeldung und f\u00fcr die in diesem Zusammenhang anfallende Korrespondenz mit Ihnen verwendet. Ihre Daten werden selbstverst\u00e4ndlich nicht an Dritte weitergegeben.<\/p>\n\n\n\n<p><strong>Speichernde Stelle<\/strong><\/p>\n\n\n\n<p>Bei der Nutzung des Internetangebots werden die oben genannten Daten durch die verantwortliche Stelle der<\/p>\n\n\n\n<p>Jonas Nahnsen<br>(Regisseur und Produzent von First Line)&nbsp;<br>&nbsp;Sievekingsallee 151a<br>&nbsp;22111 Hamburg&nbsp;&nbsp;&nbsp;&nbsp;&nbsp;<\/p>\n\n\n\n<p>&nbsp;Tel.:015734272486<br>&nbsp;E-Mail: jonas@firstlinedocumentary.de<br>&nbsp;<br>gespeichert. N\u00e4here Angaben enth\u00e4lt das&nbsp;<a href=\"http:\/\/firstlinedocumentary.de\/?page_id=326\" target=\"_blank\" rel=\"noreferrer noopener\" aria-label=\" (\u00f6ffnet in neuem Tab)\">Impressum<\/a>.<\/p>\n\n\n\n<p><strong>Anmeldung&nbsp;zu einer&nbsp;Premiere<\/strong><\/p>\n\n\n\n<p>Die im Anmeldeformular abgefragten Daten sind aufgeteilt in zwingend anzugebenden Daten und freiwillig anzugebenden Daten.<br><\/p>\n\n\n\n<p>S\u00e4mtliche von Ihnen bereitgestellten Daten werden elektronisch gespeichert. Die hierdurch entstehenden Datenbanken und Anwendungen k\u00f6nnen durch das First Line Team betreut werden. Die Bereitstellung Ihrer Daten durch Sie ist weder gesetzlich noch vertraglich vorgeschrieben. Die Nichtangabe von freiwilligen Daten hat keine Auswirkungen<strong>N<\/strong><\/p>\n\n\n\n<p><strong>Weitergabe Ihrer Daten<\/strong><\/p>\n\n\n\n<p>Wir geben Ihren Namen, E-Mailadresse und &#8211; sofern angegeben &#8211; ihre Institution, an die Kooperationspartner zur Einsicht weiter. Ihre Daten werden dort nicht gespeichert oder weiterverarbeitet. Zudem erh\u00e4lt das Einlasspersonal der jeweiligen Premierenfeier ihre Daten, um den Einlass zu koordinieren. <\/p>\n\n\n\n<p>Die Kooperationspartner, die eine Einsicht in die Teilnehmer der Premiere erhalten werden sind:<br><\/p>\n\n\n\n<div class=\"wp-block-columns has-2-columns is-layout-flex wp-container-core-columns-is-layout-28f84493 wp-block-columns-is-layout-flex\">\n<div class=\"wp-block-column is-layout-flow wp-block-column-is-layout-flow\">\n<p>Premiere Hamburg:<br>Arbeitsstelle Migration<br>HAW Hamburg<\/p>\n<\/div>\n\n\n\n<div class=\"wp-block-column is-layout-flow wp-block-column-is-layout-flow\">\n<p>Premiere Kiel:<br>Der Beauftragte f\u00fcr Fl\u00fcchtlings-, Asyl-\u00a0und Zuwanderungsfragendes Landes Schleswig-Holstein beim Pr\u00e4sidenten des Schleswig-Holsteinischen Landtages<br><\/p>\n<\/div>\n<\/div>\n\n\n\n<p><strong>Kontaktaufnahme<\/strong><\/p>\n\n\n\n<p>Wenn Sie uns eine Nachricht senden, nutzt das First Line Team die angegebenen Kontaktdaten zur Beantwortung und Bearbeitung Ihres Anliegens. Die Bereitstellung Ihrer Daten erfolgt abh\u00e4ngig von Ihrem Anliegen.<\/p>\n\n\n\n<p><strong>Speicherdauer und L\u00f6schung<\/strong><\/p>\n\n\n\n<p>Nach der Premierenfeier werden Ihre Daten gel\u00f6scht.<\/p>\n\n\n\n<p>Ihre Daten, die Sie uns im Rahmen der Nutzung unserer Kontaktdaten bereitgestellt haben, werden gel\u00f6scht, sobald die Kommunikation beendet, beziehungsweise Ihr Anliegen vollst\u00e4ndig gekl\u00e4rt ist. Kommunikation zur Geltendmachung von Rechtsanspr\u00fcchen wird f\u00fcr die Dauer der jeweiligen Verj\u00e4hrungsfrist gespeichert.<\/p>\n\n\n\n<p><strong>Ihre Rechte<\/strong><\/p>\n\n\n\n<p>Sie haben jederzeit das Recht, kostenfrei Auskunft \u00fcber die bei dem First Line Team gespeicherten Daten zu erhalten, unrichtige Daten zu korrigieren sowie Daten sperren oder l\u00f6schen zu lassen.<br>Ferner k\u00f6nnen Sie den Datenverarbeitungen widersprechen und Ihre Daten durch uns auf jemand anderen \u00fcbertragen lassen. Weiterhin haben Sie das Recht, sich bei einer Datenschutzaufsichtsbeh\u00f6rde zu beschweren.<\/p>\n\n\n\n<p>Die Kontaktdaten unseres Datenschutzbeauftragten lauten:&nbsp;<a href=\"mailto:datenschutzbeauftragte@vhs-kaiserslautern.de\">datenschutz@firstlinedocumentary.de<\/a><strong>C<\/strong><\/p>\n\n\n\n<p>Wir weisen ausdr\u00fccklich darauf hin, dass die Daten\u00fcbertragung im Internet (z.B. bei der Kommunikation per E-Mail) Sicherheitsl\u00fccken aufweisen und nicht l\u00fcckenlos vor dem Zugriff durch Dritte gesch\u00fctzt werden kann.<br><br>Die Verwendung der Kontaktdaten unseres Impressums zur gewerblichen Werbung ist ausdr\u00fccklich nicht erw\u00fcnscht, es sei denn wir hatten zuvor unsere schriftliche Einwilligung erteilt oder es besteht bereits eine Gesch\u00e4ftsbeziehung. Der Anbieter und alle auf dieser Website genannten Personen widersprechen hiermit jeder kommerziellen Verwendung und Weitergabe ihrer Daten.<br><br><strong>Datenschutzerkl\u00e4rung f\u00fcr das Facebook-Plugin (\u201eGef\u00e4llt mir\u201c)<\/strong><br>Diese Webseite nutzt Plugins des Anbieters Facebook.com, welche durch das Unternehmen Facebook Inc., 1601 S. California Avenue, Palo Alto, CA 94304 in den USA bereitgestellt werden. Nutzer unserer Webseite, auf der das Facebook-Plugin (\u201eGef\u00e4llt mir\u201c-Button) installiert ist, werden hiermit darauf hingewiesen, dass durch das Plugin eine Verbindung zu Facebook aufgebaut wird, wodurch eine \u00dcbermittlung an Ihren Browser durchgef\u00fchrt wird, damit das Plugin auf der Webseite erscheint.<br>Des Weiteren werden durch die Nutzung Daten an die Facebook-Server weitergeleitet, welche Informationen \u00fcber Ihre Webseitenbesuche auf unserer Homepage enthalten. Dies hat f\u00fcr eingeloggte Facebook-Nutzer zur Folge, dass die Nutzungsdaten Ihrem pers\u00f6nlichen Facebook-Account zugeordnet werden.<br>Sobald Sie als eingeloggter Facebook-Nutzer aktiv das Facebook-Plugin nutzen (z.B. durch das Klicken auf den \u201eGef\u00e4llt mir\u201c Knopf oder die Nutzung der Kommentarfunktion), werden diese Daten zu Ihrem Facebook-Account \u00fcbertragen und ver\u00f6ffentlicht. Dies k\u00f6nnen Sie nur durch vorheriges Ausloggen aus Ihrem Facebook-Account umgehen.<br>Weitere Information bez\u00fcglich der Datennutzung durch Facebook entnehmen Sie bitte den datenschutzrechtlichen Bestimmungen auf Facebook unter&nbsp;<a href=\"http:\/\/de-de.facebook.com\/policy.php\" target=\"_blank\" rel=\"noreferrer noopener\">http:\/\/de-de.facebook.com\/policy.php<\/a>.<\/p>\n\n\n\n<p><strong>Datenschutzerkl\u00e4rung f\u00fcr den Webanalysedienst Google Analytics<\/strong><br>Diese Website benutzt Google Analytics, einen Webanalysedienst der Google Inc. (&#8222;Google&#8220;). Google Analytics verwendet sog. &#8222;Cookies&#8220;, Textdateien, die auf Ihrem Computer gespeichert werden und die eine Analyse der Benutzung der Website durch Sie erm\u00f6glichen. Die durch den Cookie erzeugten Informationen \u00fcber Ihre Benutzung dieser Website werden in der Regel an einen Server von Google in den USA \u00fcbertragen und dort gespeichert. Wir haben die IP-Anonymisierung aktiviert. Auf dieser Webseite wird Ihre IP-Adresse von Google daher innerhalb von Mitgliedstaaten der Europ\u00e4ischen Union oder in anderen Vertragsstaaten des Abkommens \u00fcber den Europ\u00e4ischen Wirtschaftsraum zuvor gek\u00fcrzt. Nur in Ausnahmef\u00e4llen wird die volle IP-Adresse an einen Server von Google in den USA \u00fcbertragen und dort gek\u00fcrzt. Im Auftrag des Betreibers dieser Website wird Google diese Informationen benutzen, um Ihre Nutzung der Website auszuwerten, um Reports \u00fcber die Websiteaktivit\u00e4ten zusammenzustellen und um weitere mit der Websitenutzung und der Internetnutzung verbundene Dienstleistungen gegen\u00fcber dem Websitebetreiber zu erbringen. Die im Rahmen von Google Analytics von Ihrem Browser \u00fcbermittelte IP-Adresse wird nicht mit anderen Daten von Google zusammengef\u00fchrt. Sie k\u00f6nnen die Speicherung der Cookies durch eine entsprechende Einstellung Ihrer Browser-Software verhindern; wir weisen Sie jedoch darauf hin, dass Sie in diesem Fall gegebenenfalls nicht s\u00e4mtliche Funktionen dieser Website vollumf\u00e4nglich werden nutzen k\u00f6nnen. Sie k\u00f6nnen dar\u00fcber hinaus die Erfassung der durch das Cookie erzeugten und auf Ihre Nutzung der Website bezogenen Daten (inkl. Ihrer IP-Adresse) an Google sowie die Verarbeitung dieser Daten durch Google verhindern, indem sie das unter dem folgenden Link verf\u00fcgbare Browser-Plugin herunterladen und installieren:&nbsp;<a href=\"http:\/\/tools.google.com\/dlpage\/gaoptout?hl=de\" target=\"_blank\" rel=\"noreferrer noopener\">http:\/\/tools.google.com\/dlpage\/gaoptout?hl=de<\/a><\/p>\n\n\n\n<p><strong>Datenschutzerkl\u00e4rung f\u00fcr den Webanzeigendienst Google Adsense<\/strong><br>Diese Website benutzt Google Adsense, einen Webanzeigendienst der Google Inc., USA (&#8222;Google&#8220;). Google Adsense verwendet sog. &#8222;Cookies&#8220; (Textdateien), die auf Ihrem Computer gespeichert werden und die eine Analyse der Benutzung der Website durch Sie erm\u00f6glicht. Google Adsense verwendet auch sog. &#8222;Web Beacons&#8220; (kleine unsichtbare Grafiken) zur Sammlung von Informationen. Durch die Verwendung des Web Beacons k\u00f6nnen einfache Aktionen wie der Besucherverkehr auf der Webseite aufgezeichnet und gesammelt werden. Die durch den Cookie und\/oder Web Beacon erzeugten Informationen \u00fcber Ihre Benutzung diese Website (einschlie\u00dflich Ihrer IP-Adresse) werden an einen Server von Google in den USA \u00fcbertragen und dort gespeichert. Google wird diese Informationen benutzen, um Ihre Nutzung der Website im Hinblick auf die Anzeigen auszuwerten, um Reports \u00fcber die Websiteaktivit\u00e4ten und Anzeigen f\u00fcr die Websitebetreiber zusammenzustellen und um weitere mit der Websitenutzung und der Internetnutzung verbundene Dienstleistungen zu erbringen. Auch wird Google diese Informationen gegebenenfalls an Dritte \u00fcbertragen, sofern dies gesetzlich vorgeschrieben oder soweit Dritte diese Daten im Auftrag von Google verarbeiten. Google wird in keinem Fall Ihre IP-Adresse mit anderen Daten der Google in Verbindung bringen. Das Speichern von Cookies auf Ihrer Festplatte und die Anzeige von Web Beacons k\u00f6nnen Sie verhindern, indem Sie in Ihren Browser-Einstellungen &#8222;keine Cookies akzeptieren&#8220; w\u00e4hlen (Im MS Internet-Explorer unter &#8222;Extras &gt; Internetoptionen &gt; Datenschutz &gt; Einstellung&#8220;; im Firefox unter &#8222;Extras &gt; Einstellungen &gt; Datenschutz &gt; Cookies&#8220;); wir weisen Sie jedoch darauf hin, dass Sie in diesem Fall gegebenenfalls nicht s\u00e4mtliche Funktionen dieser Website voll umf\u00e4nglich nutzen k\u00f6nnen. Durch die Nutzung dieser Website erkl\u00e4ren Sie sich mit der Bearbeitung der \u00fcber Sie erhobenen Daten durch Google in der zuvor beschriebenen Art und Weise und zu dem zuvor benannten Zweck einverstanden.<\/p>\n\n\n\n<p><strong>Datenschutzerkl\u00e4rung f\u00fcr das soziale Netzwerk Google Plus<\/strong><br>Diese Webseite verwendet die sog. \u201eG +1\u201c-Schaltfl\u00e4che des sozialen Netzwerkes Google Plus, welches von der Google Inc., 1600 Amphitheatre Parkway, Mountain View, CA 94043, United States betrieben wird (\u201eGoogle\u201c). Die Schaltfl\u00e4che ist an dem Zeichen \u201eG +1\u201c zu erkennen. Wenn Sie bei Google Plus registriert sind, k\u00f6nnen Sie mit der \u201eG +1\u201c Schaltfl\u00e4che Ihr Interesse an unserer Webseite ausdr\u00fccken und Inhalte von unserer Webseite auf Google Plus teilen. In dem Falle speichert Google sowohl die Information, dass Sie f\u00fcr einen unserer Inhalte ein \u201eG +1\u201c gegeben haben, als auch Informationen \u00fcber die Seite, die Sie dabei angesehen haben. Ihre \u201eG +1\u201c k\u00f6nnen m\u00f6glicherweise zusammen mit Ihrem Namen (ggf. auch mit Foto &#8211; soweit vorhanden) bei Google Plus in weiteren Google-Diensten, wie der Google Suche oder Ihrem Google-Profil, eingeblendet werden.<br>Zweck und Umfang der Datenerhebung und die weitere Verarbeitung und Nutzung der Daten durch Google sowie Ihre diesbez\u00fcglichen Rechte und Einstellungsm\u00f6glichkeiten zum Schutz Ihrer Privatsph\u00e4re entnehmen Sie bitte Googles Datenschutzhinweisen:<br><a href=\"https:\/\/www.google.com\/intl\/de\/policies\/privacy\/\" target=\"_blank\" rel=\"noreferrer noopener\">https:\/\/www.google.com\/intl\/de\/policies\/privacy\/<\/a><\/p>\n\n\n\n<p><strong>Datenschutzerkl\u00e4rung f\u00fcr die Nutzung von dem Webmessagedienst twitter.com<\/strong><br>Wir haben auf unserer Webseite auch den Webmessagedienst twitter.com integriert. Dieser wird durch die Twitter Inc., 1355 Market St, Suite 900, San Francisco, CA 94103, USA bereitgestellt. Twitter bietet die sog. \u201eTweet\u201c \u2013 Funktion an. Damit kann man 140 Zeichen lange Nachrichten auch mit Webseitenlinks in seinem eigenen Twitteraccount ver\u00f6ffentlichen. Wenn Sie die \u201eTweet\u201c-Funktion von Twitter auf unseren Webseiten nutzen, wird die jeweilige Webseite mit Ihrem Account auf Twitter verkn\u00fcpft und dort ggf. \u00f6ffentlich bekannt gegeben. Hierbei werden auch Daten an Twitter \u00fcbertragen.<br>Von dem Inhalt der \u00fcbermittelten Daten und deren Nutzung durch Twitter erhalten wir keine Kenntnis. Konsultieren Sie daher f\u00fcr weitere Informationen die Datenschutzerkl\u00e4rung von Twitter:&nbsp;<a href=\"http:\/\/twitter.com\/privacy\" target=\"_blank\" rel=\"noreferrer noopener\">http:\/\/twitter.com\/privacy<\/a><br>Twitter bietet Ihnen unter nachfolgendem Link die M\u00f6glichkeit, Ihre Datenschutzeinstellungen selbst festzulegen:&nbsp;<a href=\"http:\/\/twitter.com\/account\/settings\" target=\"_blank\" rel=\"noreferrer noopener\">http:\/\/twitter.com\/account\/settings<\/a>.<\/p>\n\n\n\n<p><\/p>\n","protected":false},"excerpt":{"rendered":"<p>Datensicherheit Die Sicherheit der Daten\u00fcbertragung bei der Online-Anmeldung wird mit einer SSL-Verschl\u00fcsselung hergestellt. Es wird das Secure-Socket-Layer Protokoll (Spezifikation f\u00fcr eine sichere [&hellip;]<\/p>\n","protected":false},"author":1,"featured_media":0,"parent":0,"menu_order":0,"comment_status":"closed","ping_status":"closed","template":"","meta":{"footnotes":""},"class_list":["post-368","page","type-page","status-publish","hentry"],"_links":{"self":[{"href":"http:\/\/firstlinedocumentary.de\/index.php?rest_route=\/wp\/v2\/pages\/368","targetHints":{"allow":["GET"]}}],"collection":[{"href":"http:\/\/firstlinedocumentary.de\/index.php?rest_route=\/wp\/v2\/pages"}],"about":[{"href":"http:\/\/firstlinedocumentary.de\/index.php?rest_route=\/wp\/v2\/types\/page"}],"author":[{"embeddable":true,"href":"http:\/\/firstlinedocumentary.de\/index.php?rest_route=\/wp\/v2\/users\/1"}],"replies":[{"embeddable":true,"href":"http:\/\/firstlinedocumentary.de\/index.php?rest_route=%2Fwp%2Fv2%2Fcomments&post=368"}],"version-history":[{"count":5,"href":"http:\/\/firstlinedocumentary.de\/index.php?rest_route=\/wp\/v2\/pages\/368\/revisions"}],"predecessor-version":[{"id":377,"href":"http:\/\/firstlinedocumentary.de\/index.php?rest_route=\/wp\/v2\/pages\/368\/revisions\/377"}],"wp:attachment":[{"href":"http:\/\/firstlinedocumentary.de\/index.php?rest_route=%2Fwp%2Fv2%2Fmedia&parent=368"}],"curies":[{"name":"wp","href":"https:\/\/api.w.org\/{rel}","templated":true}]}}