{"id":259,"date":"2018-12-11T12:57:11","date_gmt":"2018-12-11T12:57:11","guid":{"rendered":"http:\/\/firstlinedocumentary.de\/?page_id=259"},"modified":"2019-01-18T07:16:08","modified_gmt":"2019-01-18T07:16:08","slug":"rm_submissions","status":"publish","type":"page","link":"http:\/\/firstlinedocumentary.de\/?page_id=259","title":{"rendered":"Anmeldung Premiere"},"content":{"rendered":"\n<p>40-min\u00fctiger Dokumentarfilm und anschlie\u00dfende Talkrunde mit Regisseur und Protagonist.<\/p>\n\n\n\n<hr class=\"wp-block-separator\"\/>\n\n\n\n<div class=\"wp-block-columns has-2-columns is-layout-flex wp-container-core-columns-is-layout-28f84493 wp-block-columns-is-layout-flex\">\n<div class=\"wp-block-column is-layout-flow wp-block-column-is-layout-flow\">\n<h4 class=\"wp-block-heading\">Hamburg<\/h4>\n\n\n\n<h5 class=\"wp-block-heading\">Magazin Kino <\/h5>\n\n\n\n<h5 class=\"wp-block-heading\">11.02.2019 20 Uhr<br><\/h5>\n\n\n\n<p>[RM_Form id=&#8217;4&#8242;]<\/p>\n\n\n\n<hr class=\"wp-block-separator\"\/>\n<\/div>\n\n\n\n<div class=\"wp-block-column is-layout-flow wp-block-column-is-layout-flow\">\n<h4 class=\"wp-block-heading\">&nbsp;Kiel&nbsp;<\/h4>\n\n\n\n<h5 class=\"wp-block-heading\">Metro Kino <\/h5>\n\n\n\n<h5 class=\"wp-block-heading\">12.02.2019 20 Uhr<br><\/h5>\n\n\n\n<p>[RM_Form id=&#8217;3&#8242;]<\/p>\n\n\n\n<hr class=\"wp-block-separator\"\/>\n\n\n\n<p><br><\/p>\n<\/div>\n<\/div>\n\n\n\n<hr class=\"wp-block-separator\"\/>\n\n\n\n<h6 class=\"wp-block-heading\">*Datenschutz:<\/h6>\n\n\n\n<p class=\"has-small-font-size\">Sie sind gem\u00e4\u00df \u00a7 15 DSGVO jederzeit berechtigt, gegen\u00fcber dem First Line Team um umfangreiche Auskunftserteilung zu den zu Ihrer Person gespeicherten Daten zu ersuchen.<\/p>\n\n\n\n<p class=\"has-small-font-size\">Gem\u00e4\u00df \u00a7 17 DSGVO k\u00f6nnen Sie jederzeit gegen\u00fcber dem First Line Team die Berichtigung, L\u00f6schung und Sperrung einzelner personenbezogener Daten verlangen.&nbsp;<\/p>\n\n\n\n<h6 class=\"wp-block-heading\">**Widerrufsbelehrung:<\/h6>\n\n\n\n<p class=\"has-small-font-size\">Sie k\u00f6nnen dar\u00fcber hinaus jederzeit ohne Angaben von Gr\u00fcnden von Ihrem Widerspruchsrecht Gebrauch machen und die erteilte Einwilligungserkl\u00e4rung mit Wirkung f\u00fcr die Zukunft ab\u00e4ndern oder g\u00e4nzlich widerrufen. Sie k\u00f6nnen den Widerruf entweder postalisch oder per E-Mail an das First Line Team \u00fcbermitteln. Es entstehen Ihnen dabei keine anderen Kosten als die Portokosten. <\/p>\n\n\n\n<p class=\"has-small-font-size\">Wir verweisen diesbez\u00fcglich auf unsere&nbsp;<a href=\"http:\/\/firstlinedocumentary.de\/?page_id=368\" target=\"_blank\" rel=\"noreferrer noopener\" aria-label=\"Datenschutzerkl\u00e4rung (\u00f6ffnet in neuem Tab)\">Datenschutzerkl\u00e4rung<\/a>.<br><\/p>\n","protected":false},"excerpt":{"rendered":"<p>40-min\u00fctiger Dokumentarfilm und anschlie\u00dfende Talkrunde mit Regisseur und Protagonist. Hamburg Magazin Kino 11.02.2019 20 Uhr [RM_Form id=&#8217;4&#8242;] &nbsp;Kiel&nbsp; Metro Kino 12.02.2019 20 [&hellip;]<\/p>\n","protected":false},"author":1,"featured_media":0,"parent":0,"menu_order":0,"comment_status":"closed","ping_status":"closed","template":"","meta":{"footnotes":""},"class_list":["post-259","page","type-page","status-publish","hentry"],"_links":{"self":[{"href":"http:\/\/firstlinedocumentary.de\/index.php?rest_route=\/wp\/v2\/pages\/259","targetHints":{"allow":["GET"]}}],"collection":[{"href":"http:\/\/firstlinedocumentary.de\/index.php?rest_route=\/wp\/v2\/pages"}],"about":[{"href":"http:\/\/firstlinedocumentary.de\/index.php?rest_route=\/wp\/v2\/types\/page"}],"author":[{"embeddable":true,"href":"http:\/\/firstlinedocumentary.de\/index.php?rest_route=\/wp\/v2\/users\/1"}],"replies":[{"embeddable":true,"href":"http:\/\/firstlinedocumentary.de\/index.php?rest_route=%2Fwp%2Fv2%2Fcomments&post=259"}],"version-history":[{"count":10,"href":"http:\/\/firstlinedocumentary.de\/index.php?rest_route=\/wp\/v2\/pages\/259\/revisions"}],"predecessor-version":[{"id":389,"href":"http:\/\/firstlinedocumentary.de\/index.php?rest_route=\/wp\/v2\/pages\/259\/revisions\/389"}],"wp:attachment":[{"href":"http:\/\/firstlinedocumentary.de\/index.php?rest_route=%2Fwp%2Fv2%2Fmedia&parent=259"}],"curies":[{"name":"wp","href":"https:\/\/api.w.org\/{rel}","templated":true}]}}